{"id":181,"date":"2019-02-07T12:29:47","date_gmt":"2019-02-07T11:29:47","guid":{"rendered":"http:\/\/msb.inmedia.agency\/?page_id=181"},"modified":"2025-09-07T13:14:05","modified_gmt":"2025-09-07T11:14:05","slug":"ueber-uns","status":"publish","type":"page","link":"https:\/\/ibizahouses.eu\/es\/ueber-uns\/","title":{"rendered":"Sobre nosotros"},"content":{"rendered":"<p>Ibizahouses.eu tiene una gran red en la isla y el ojo perfecto para los inmuebles de calidad, a trav\u00e9s de nuestro apasionado equipo y red de socios podemos encontrar cualquier propiedad deseada en esta isla. Nuestro equipo internacional de especialistas en bienes ra\u00edces, inversiones y viajes con gusto lo consultar\u00e1 sobre las mejores villas, proyectos y parcelas que se cruzaron en nuestro camino. Con mucho gusto le ofrecemos esta cartera de villas, parcelas de inversi\u00f3n y apartamentos m\u00e1s prometedores, aqu\u00ed en \u201dIbizahouses.eu\u201d y en lo que respecta a proyectos de inversi\u00f3n en Ibiza, podemos mostrarlos y discutirlos a discreci\u00f3n de una reuni\u00f3n personal.<\/p>\n<p>Si desea obtener m\u00e1s informaci\u00f3n sobre alguno de nuestros listados, o si tiene solicitudes espec\u00edficas, cont\u00e1ctenos. \u00a1Estaremos encantados de servirle en su b\u00fasqueda del lugar perfecto!<\/p>","protected":false},"excerpt":{"rendered":"<p>Ibizahouses.eu tiene una gran red en la isla y el ojo perfecto para los inmuebles de calidad, a trav\u00e9s de nuestro apasionado equipo y red de socios podemos encontrar cualquier propiedad deseada en esta isla. Nuestro equipo internacional de especialistas en bienes ra\u00edces, inversiones y viajes con gusto lo consultar\u00e1 sobre las mejores villas, proyectos [&hellip;]<\/p>\n","protected":false},"author":1,"featured_media":0,"parent":0,"menu_order":0,"comment_status":"closed","ping_status":"closed","template":"page-about.php","meta":{"footnotes":""},"_links":{"self":[{"href":"https:\/\/ibizahouses.eu\/es\/wp-json\/wp\/v2\/pages\/181"}],"collection":[{"href":"https:\/\/ibizahouses.eu\/es\/wp-json\/wp\/v2\/pages"}],"about":[{"href":"https:\/\/ibizahouses.eu\/es\/wp-json\/wp\/v2\/types\/page"}],"author":[{"embeddable":true,"href":"https:\/\/ibizahouses.eu\/es\/wp-json\/wp\/v2\/users\/1"}],"replies":[{"embeddable":true,"href":"https:\/\/ibizahouses.eu\/es\/wp-json\/wp\/v2\/comments?post=181"}],"version-history":[{"count":13,"href":"https:\/\/ibizahouses.eu\/es\/wp-json\/wp\/v2\/pages\/181\/revisions"}],"predecessor-version":[{"id":824,"href":"https:\/\/ibizahouses.eu\/es\/wp-json\/wp\/v2\/pages\/181\/revisions\/824"}],"wp:attachment":[{"href":"https:\/\/ibizahouses.eu\/es\/wp-json\/wp\/v2\/media?parent=181"}],"curies":[{"name":"wp","href":"https:\/\/api.w.org\/{rel}","templated":true}]}}